{"id":789,"date":"2022-09-01T14:41:13","date_gmt":"2022-09-01T11:41:13","guid":{"rendered":"https:\/\/miyyaw.com\/?page_id=789"},"modified":"2023-03-13T22:51:32","modified_gmt":"2023-03-13T19:51:32","slug":"saglik-ve-bakim","status":"publish","type":"page","link":"https:\/\/miyyaw.com\/en\/saglik-ve-bakim\/","title":{"rendered":"SA\u011eLIK ve BAKIM"},"content":{"rendered":"<div class=\"row row-full-width align-center\"  id=\"row-1805447508\">\n\n\n\t<div id=\"col-1103085241\" class=\"col medium-9 small-9 large-9\"  >\n\t\t\t\t<div class=\"col-inner text-center\"  >\n\t\t\t\n\t\t\t\n\n<div class=\"container section-title-container\" ><h3 class=\"section-title section-title-center\"><b aria-hidden=\"true\"><\/b><span class=\"section-title-main\" >250 ML \u015eAMPUANLAR<\/span><b aria-hidden=\"true\"><\/b><\/h3><\/div>\n\n\n\t\t<\/div>\n\t\t\t\t\t<\/div>\n\n\t\n\n\t<div id=\"col-617303534\" class=\"col medium-4 small-6 large-4\"  >\n\t\t\t\t<div class=\"col-inner text-center\"  >\n\t\t\t\n\t\t\t\n\n\t<div class=\"img has-hover x md-x lg-x y md-y lg-y\" id=\"image_1508031210\">\n\t\t\t\t\t\t\t\t<div class=\"img-inner dark\" >\n\t\t\t<img loading=\"lazy\" decoding=\"async\" width=\"800\" height=\"800\" src=\"https:\/\/miyyaw.com\/wp-content\/uploads\/2023\/03\/HAWHAW-250-ML-SHAMPOO_LEMON-min-800x800.jpg\" class=\"attachment-large size-large\" alt=\"\" srcset=\"https:\/\/miyyaw.com\/wp-content\/uploads\/2023\/03\/HAWHAW-250-ML-SHAMPOO_LEMON-min-800x800.jpg 800w, https:\/\/miyyaw.com\/wp-content\/uploads\/2023\/03\/HAWHAW-250-ML-SHAMPOO_LEMON-min-400x400.jpg 400w, https:\/\/miyyaw.com\/wp-content\/uploads\/2023\/03\/HAWHAW-250-ML-SHAMPOO_LEMON-min-280x280.jpg 280w, https:\/\/miyyaw.com\/wp-content\/uploads\/2023\/03\/HAWHAW-250-ML-SHAMPOO_LEMON-min-768x768.jpg 768w, https:\/\/miyyaw.com\/wp-content\/uploads\/2023\/03\/HAWHAW-250-ML-SHAMPOO_LEMON-min-1536x1536.jpg 1536w, https:\/\/miyyaw.com\/wp-content\/uploads\/2023\/03\/HAWHAW-250-ML-SHAMPOO_LEMON-min-2048x2048.jpg 2048w, https:\/\/miyyaw.com\/wp-content\/uploads\/2023\/03\/HAWHAW-250-ML-SHAMPOO_LEMON-min-12x12.jpg 12w\" sizes=\"auto, (max-width: 800px) 100vw, 800px\" \/>\t\t\t\t\t\t\n\t\t\t\t\t<\/div>\n\t\t\t\t\t\t\t\t\n<style>\n#image_1508031210 {\n  width: 100%;\n}\n<\/style>\n\t<\/div>\n\t\n\n<a class=\"button primary is-small\" >\n\t\t<span>L\u0130MON \u00d6ZL\u00dc<\/span>\n\t<\/a>\n\n\n\n\t\t<\/div>\n\t\t\t\t\t<\/div>\n\n\t\n\n\t<div id=\"col-1431607535\" class=\"col medium-4 small-6 large-4\"  >\n\t\t\t\t<div class=\"col-inner text-center\"  >\n\t\t\t\n\t\t\t\n\n\t<div class=\"img has-hover x md-x lg-x y md-y lg-y\" id=\"image_986776344\">\n\t\t\t\t\t\t\t\t<div class=\"img-inner dark\" >\n\t\t\t<img loading=\"lazy\" decoding=\"async\" width=\"800\" height=\"800\" src=\"https:\/\/miyyaw.com\/wp-content\/uploads\/2023\/03\/HAWHAW-250-ML-SHAMPOO_OCEAN-min-800x800.jpg\" class=\"attachment-large size-large\" alt=\"\" srcset=\"https:\/\/miyyaw.com\/wp-content\/uploads\/2023\/03\/HAWHAW-250-ML-SHAMPOO_OCEAN-min-800x800.jpg 800w, https:\/\/miyyaw.com\/wp-content\/uploads\/2023\/03\/HAWHAW-250-ML-SHAMPOO_OCEAN-min-400x400.jpg 400w, https:\/\/miyyaw.com\/wp-content\/uploads\/2023\/03\/HAWHAW-250-ML-SHAMPOO_OCEAN-min-280x280.jpg 280w, https:\/\/miyyaw.com\/wp-content\/uploads\/2023\/03\/HAWHAW-250-ML-SHAMPOO_OCEAN-min-768x768.jpg 768w, https:\/\/miyyaw.com\/wp-content\/uploads\/2023\/03\/HAWHAW-250-ML-SHAMPOO_OCEAN-min-1536x1536.jpg 1536w, https:\/\/miyyaw.com\/wp-content\/uploads\/2023\/03\/HAWHAW-250-ML-SHAMPOO_OCEAN-min-2048x2048.jpg 2048w, https:\/\/miyyaw.com\/wp-content\/uploads\/2023\/03\/HAWHAW-250-ML-SHAMPOO_OCEAN-min-12x12.jpg 12w\" sizes=\"auto, (max-width: 800px) 100vw, 800px\" \/>\t\t\t\t\t\t\n\t\t\t\t\t<\/div>\n\t\t\t\t\t\t\t\t\n<style>\n#image_986776344 {\n  width: 100%;\n}\n<\/style>\n\t<\/div>\n\t\n\n<a class=\"button primary is-small\" >\n\t\t<span>DEN\u0130Z KOKUSU<\/span>\n\t<\/a>\n\n\n\n\t\t<\/div>\n\t\t\t\t\t<\/div>\n\n\t\n\n\t<div id=\"col-2113303042\" class=\"col medium-4 small-6 large-4\"  >\n\t\t\t\t<div class=\"col-inner text-center\"  >\n\t\t\t\n\t\t\t\n\n\t<div class=\"img has-hover x md-x lg-x y md-y lg-y\" id=\"image_854798091\">\n\t\t\t\t\t\t\t\t<div class=\"img-inner dark\" >\n\t\t\t<img loading=\"lazy\" decoding=\"async\" width=\"800\" height=\"800\" src=\"https:\/\/miyyaw.com\/wp-content\/uploads\/2023\/03\/HAWHAW-250-ML-SHAMPOO_ORMAN-min-800x800.jpg\" class=\"attachment-large size-large\" alt=\"\" srcset=\"https:\/\/miyyaw.com\/wp-content\/uploads\/2023\/03\/HAWHAW-250-ML-SHAMPOO_ORMAN-min-800x800.jpg 800w, https:\/\/miyyaw.com\/wp-content\/uploads\/2023\/03\/HAWHAW-250-ML-SHAMPOO_ORMAN-min-400x400.jpg 400w, https:\/\/miyyaw.com\/wp-content\/uploads\/2023\/03\/HAWHAW-250-ML-SHAMPOO_ORMAN-min-280x280.jpg 280w, https:\/\/miyyaw.com\/wp-content\/uploads\/2023\/03\/HAWHAW-250-ML-SHAMPOO_ORMAN-min-768x768.jpg 768w, https:\/\/miyyaw.com\/wp-content\/uploads\/2023\/03\/HAWHAW-250-ML-SHAMPOO_ORMAN-min-1536x1536.jpg 1536w, https:\/\/miyyaw.com\/wp-content\/uploads\/2023\/03\/HAWHAW-250-ML-SHAMPOO_ORMAN-min-2048x2048.jpg 2048w, https:\/\/miyyaw.com\/wp-content\/uploads\/2023\/03\/HAWHAW-250-ML-SHAMPOO_ORMAN-min-12x12.jpg 12w\" sizes=\"auto, (max-width: 800px) 100vw, 800px\" \/>\t\t\t\t\t\t\n\t\t\t\t\t<\/div>\n\t\t\t\t\t\t\t\t\n<style>\n#image_854798091 {\n  width: 100%;\n}\n<\/style>\n\t<\/div>\n\t\n\n<a class=\"button primary is-small\" >\n\t\t<span>ORMAN MEYVE \u00d6ZL\u00dc<\/span>\n\t<\/a>\n\n\n\n\t\t<\/div>\n\t\t\t\t\t<\/div>\n\n\t\n\n\t<div id=\"col-861148075\" class=\"col medium-4 small-6 large-4\"  >\n\t\t\t\t<div class=\"col-inner text-center\"  >\n\t\t\t\n\t\t\t\n\n\t<div class=\"img has-hover x md-x lg-x y md-y lg-y\" id=\"image_2035764644\">\n\t\t\t\t\t\t\t\t<div class=\"img-inner dark\" >\n\t\t\t<img loading=\"lazy\" decoding=\"async\" width=\"800\" height=\"800\" src=\"https:\/\/miyyaw.com\/wp-content\/uploads\/2023\/03\/HAWHAW-250-ML-SHAMPOO_STRAWBERRY-min-800x800.jpg\" class=\"attachment-large size-large\" alt=\"\" srcset=\"https:\/\/miyyaw.com\/wp-content\/uploads\/2023\/03\/HAWHAW-250-ML-SHAMPOO_STRAWBERRY-min-800x800.jpg 800w, https:\/\/miyyaw.com\/wp-content\/uploads\/2023\/03\/HAWHAW-250-ML-SHAMPOO_STRAWBERRY-min-400x400.jpg 400w, https:\/\/miyyaw.com\/wp-content\/uploads\/2023\/03\/HAWHAW-250-ML-SHAMPOO_STRAWBERRY-min-280x280.jpg 280w, https:\/\/miyyaw.com\/wp-content\/uploads\/2023\/03\/HAWHAW-250-ML-SHAMPOO_STRAWBERRY-min-768x768.jpg 768w, https:\/\/miyyaw.com\/wp-content\/uploads\/2023\/03\/HAWHAW-250-ML-SHAMPOO_STRAWBERRY-min-1536x1536.jpg 1536w, https:\/\/miyyaw.com\/wp-content\/uploads\/2023\/03\/HAWHAW-250-ML-SHAMPOO_STRAWBERRY-min-2048x2048.jpg 2048w, https:\/\/miyyaw.com\/wp-content\/uploads\/2023\/03\/HAWHAW-250-ML-SHAMPOO_STRAWBERRY-min-12x12.jpg 12w\" sizes=\"auto, (max-width: 800px) 100vw, 800px\" \/>\t\t\t\t\t\t\n\t\t\t\t\t<\/div>\n\t\t\t\t\t\t\t\t\n<style>\n#image_2035764644 {\n  width: 100%;\n}\n<\/style>\n\t<\/div>\n\t\n\n<a class=\"button primary is-small\" >\n\t\t<span>\u00c7\u0130LEK \u00d6ZL\u00dc<\/span>\n\t<\/a>\n\n\n\n\t\t<\/div>\n\t\t\t\t\t<\/div>\n\n\t\n\n\t<div id=\"col-1060062791\" class=\"col medium-4 small-6 large-4\"  >\n\t\t\t\t<div class=\"col-inner text-center\"  >\n\t\t\t\n\t\t\t\n\n\t<div class=\"img has-hover x md-x lg-x y md-y lg-y\" id=\"image_545139031\">\n\t\t\t\t\t\t\t\t<div class=\"img-inner dark\" >\n\t\t\t<img loading=\"lazy\" decoding=\"async\" width=\"800\" height=\"800\" src=\"https:\/\/miyyaw.com\/wp-content\/uploads\/2023\/03\/HAWHAW-250-ML-SHAMPOO_VANILIA-min-800x800.jpg\" class=\"attachment-large size-large\" alt=\"\" srcset=\"https:\/\/miyyaw.com\/wp-content\/uploads\/2023\/03\/HAWHAW-250-ML-SHAMPOO_VANILIA-min-800x800.jpg 800w, https:\/\/miyyaw.com\/wp-content\/uploads\/2023\/03\/HAWHAW-250-ML-SHAMPOO_VANILIA-min-400x400.jpg 400w, https:\/\/miyyaw.com\/wp-content\/uploads\/2023\/03\/HAWHAW-250-ML-SHAMPOO_VANILIA-min-280x280.jpg 280w, https:\/\/miyyaw.com\/wp-content\/uploads\/2023\/03\/HAWHAW-250-ML-SHAMPOO_VANILIA-min-768x768.jpg 768w, https:\/\/miyyaw.com\/wp-content\/uploads\/2023\/03\/HAWHAW-250-ML-SHAMPOO_VANILIA-min-1536x1536.jpg 1536w, https:\/\/miyyaw.com\/wp-content\/uploads\/2023\/03\/HAWHAW-250-ML-SHAMPOO_VANILIA-min-2048x2048.jpg 2048w, https:\/\/miyyaw.com\/wp-content\/uploads\/2023\/03\/HAWHAW-250-ML-SHAMPOO_VANILIA-min-12x12.jpg 12w\" sizes=\"auto, (max-width: 800px) 100vw, 800px\" \/>\t\t\t\t\t\t\n\t\t\t\t\t<\/div>\n\t\t\t\t\t\t\t\t\n<style>\n#image_545139031 {\n  width: 100%;\n}\n<\/style>\n\t<\/div>\n\t\n\n<a class=\"button primary is-small\" >\n\t\t<span>VAN\u0130LYA \u00d6ZL\u00dc<\/span>\n\t<\/a>\n\n\n\n\t\t<\/div>\n\t\t\t\t\t<\/div>\n\n\t\n\n<\/div>","protected":false},"excerpt":{"rendered":"","protected":false},"author":1,"featured_media":0,"parent":0,"menu_order":0,"comment_status":"closed","ping_status":"closed","template":"","meta":{"footnotes":""},"class_list":["post-789","page","type-page","status-publish","hentry"],"_links":{"self":[{"href":"https:\/\/miyyaw.com\/en\/wp-json\/wp\/v2\/pages\/789","targetHints":{"allow":["GET"]}}],"collection":[{"href":"https:\/\/miyyaw.com\/en\/wp-json\/wp\/v2\/pages"}],"about":[{"href":"https:\/\/miyyaw.com\/en\/wp-json\/wp\/v2\/types\/page"}],"author":[{"embeddable":true,"href":"https:\/\/miyyaw.com\/en\/wp-json\/wp\/v2\/users\/1"}],"replies":[{"embeddable":true,"href":"https:\/\/miyyaw.com\/en\/wp-json\/wp\/v2\/comments?post=789"}],"version-history":[{"count":10,"href":"https:\/\/miyyaw.com\/en\/wp-json\/wp\/v2\/pages\/789\/revisions"}],"predecessor-version":[{"id":828,"href":"https:\/\/miyyaw.com\/en\/wp-json\/wp\/v2\/pages\/789\/revisions\/828"}],"wp:attachment":[{"href":"https:\/\/miyyaw.com\/en\/wp-json\/wp\/v2\/media?parent=789"}],"curies":[{"name":"wp","href":"https:\/\/api.w.org\/{rel}","templated":true}]}}