{"id":787,"date":"2022-09-01T14:40:24","date_gmt":"2022-09-01T11:40:24","guid":{"rendered":"https:\/\/miyyaw.com\/?page_id=787"},"modified":"2023-03-14T00:01:32","modified_gmt":"2023-03-13T21:01:32","slug":"kedi-cimi","status":"publish","type":"page","link":"https:\/\/miyyaw.com\/en\/kedi-cimi\/","title":{"rendered":"Kedi  \u00c7imi"},"content":{"rendered":"<div class=\"row align-center\"  id=\"row-1383624190\">\n\n\n\t<div id=\"col-1826109836\" class=\"col small-12 large-12\"  >\n\t\t\t\t<div class=\"col-inner\"  >\n\t\t\t\n\t\t\t\n\n<div class=\"container section-title-container\" ><h3 class=\"section-title section-title-bold-center\"><b aria-hidden=\"true\"><\/b><span class=\"section-title-main\" >KED\u0130 \u00c7\u0130M\u0130<\/span><b aria-hidden=\"true\"><\/b><\/h3><\/div>\n\n\n\t\t<\/div>\n\t\t\t\t\t<\/div>\n\n\t\n\n\t<div id=\"col-8235618\" class=\"col medium-8 small-12 large-8\"  >\n\t\t\t\t<div class=\"col-inner\"  >\n\t\t\t\n\t\t\t\n\n\t<div class=\"img has-hover x md-x lg-x y md-y lg-y\" id=\"image_1553189142\">\n\t\t\t\t\t\t\t\t<div class=\"img-inner dark\" >\n\t\t\t<img loading=\"lazy\" decoding=\"async\" width=\"800\" height=\"800\" src=\"https:\/\/miyyaw.com\/wp-content\/uploads\/2023\/03\/KEDI-CIMI-min-1025x800-1-800x800.jpg\" class=\"attachment-large size-large\" alt=\"\" srcset=\"https:\/\/miyyaw.com\/wp-content\/uploads\/2023\/03\/KEDI-CIMI-min-1025x800-1-800x800.jpg 800w, https:\/\/miyyaw.com\/wp-content\/uploads\/2023\/03\/KEDI-CIMI-min-1025x800-1-400x400.jpg 400w, https:\/\/miyyaw.com\/wp-content\/uploads\/2023\/03\/KEDI-CIMI-min-1025x800-1-280x280.jpg 280w, https:\/\/miyyaw.com\/wp-content\/uploads\/2023\/03\/KEDI-CIMI-min-1025x800-1-768x768.jpg 768w, https:\/\/miyyaw.com\/wp-content\/uploads\/2023\/03\/KEDI-CIMI-min-1025x800-1-12x12.jpg 12w, https:\/\/miyyaw.com\/wp-content\/uploads\/2023\/03\/KEDI-CIMI-min-1025x800-1.jpg 1025w\" sizes=\"auto, (max-width: 800px) 100vw, 800px\" \/>\t\t\t\t\t\t\n\t\t\t\t\t<\/div>\n\t\t\t\t\t\t\t\t\n<style>\n#image_1553189142 {\n  width: 100%;\n}\n<\/style>\n\t<\/div>\n\t\n\n\n\t\t<\/div>\n\t\t\t\t\t<\/div>\n\n\t\n\n<\/div>","protected":false},"excerpt":{"rendered":"","protected":false},"author":1,"featured_media":0,"parent":0,"menu_order":0,"comment_status":"closed","ping_status":"closed","template":"","meta":{"footnotes":""},"class_list":["post-787","page","type-page","status-publish","hentry"],"_links":{"self":[{"href":"https:\/\/miyyaw.com\/en\/wp-json\/wp\/v2\/pages\/787","targetHints":{"allow":["GET"]}}],"collection":[{"href":"https:\/\/miyyaw.com\/en\/wp-json\/wp\/v2\/pages"}],"about":[{"href":"https:\/\/miyyaw.com\/en\/wp-json\/wp\/v2\/types\/page"}],"author":[{"embeddable":true,"href":"https:\/\/miyyaw.com\/en\/wp-json\/wp\/v2\/users\/1"}],"replies":[{"embeddable":true,"href":"https:\/\/miyyaw.com\/en\/wp-json\/wp\/v2\/comments?post=787"}],"version-history":[{"count":4,"href":"https:\/\/miyyaw.com\/en\/wp-json\/wp\/v2\/pages\/787\/revisions"}],"predecessor-version":[{"id":870,"href":"https:\/\/miyyaw.com\/en\/wp-json\/wp\/v2\/pages\/787\/revisions\/870"}],"wp:attachment":[{"href":"https:\/\/miyyaw.com\/en\/wp-json\/wp\/v2\/media?parent=787"}],"curies":[{"name":"wp","href":"https:\/\/api.w.org\/{rel}","templated":true}]}}