{"id":783,"date":"2022-09-01T14:40:12","date_gmt":"2022-09-01T11:40:12","guid":{"rendered":"https:\/\/miyyaw.com\/?page_id=783"},"modified":"2023-03-13T23:04:07","modified_gmt":"2023-03-13T20:04:07","slug":"kuru-mama-kedi","status":"publish","type":"page","link":"https:\/\/miyyaw.com\/en\/kuru-mama-kedi\/","title":{"rendered":"Kuru Mama Kedi"},"content":{"rendered":"<div class=\"row row-full-width align-center\"  id=\"row-1112857730\">\n\n\n\t<div id=\"col-797659179\" class=\"col medium-9 small-9 large-9\"  >\n\t\t\t\t<div class=\"col-inner text-center\"  >\n\t\t\t\n\t\t\t\n\n<div class=\"container section-title-container\" ><h3 class=\"section-title section-title-center\"><b aria-hidden=\"true\"><\/b><span class=\"section-title-main\" >KURU MAMALAR KED\u0130<\/span><b aria-hidden=\"true\"><\/b><\/h3><\/div>\n\n\n\t\t<\/div>\n\t\t\t\t\t<\/div>\n\n\t\n\n\t<div id=\"col-526516384\" class=\"col medium-6 small-12 large-6\"  >\n\t\t\t\t<div class=\"col-inner text-center\"  >\n\t\t\t\n\t\t\t\n\n\t<div class=\"img has-hover x md-x lg-x y md-y lg-y\" id=\"image_1548240449\">\n\t\t\t\t\t\t\t\t<div class=\"img-inner dark\" >\n\t\t\t<img loading=\"lazy\" decoding=\"async\" width=\"800\" height=\"800\" src=\"https:\/\/miyyaw.com\/wp-content\/uploads\/2023\/03\/5m-min-800x800.jpg\" class=\"attachment-large size-large\" alt=\"\" srcset=\"https:\/\/miyyaw.com\/wp-content\/uploads\/2023\/03\/5m-min-800x800.jpg 800w, https:\/\/miyyaw.com\/wp-content\/uploads\/2023\/03\/5m-min-400x400.jpg 400w, https:\/\/miyyaw.com\/wp-content\/uploads\/2023\/03\/5m-min-280x280.jpg 280w, https:\/\/miyyaw.com\/wp-content\/uploads\/2023\/03\/5m-min-768x768.jpg 768w, https:\/\/miyyaw.com\/wp-content\/uploads\/2023\/03\/5m-min-1536x1536.jpg 1536w, https:\/\/miyyaw.com\/wp-content\/uploads\/2023\/03\/5m-min-2048x2048.jpg 2048w, https:\/\/miyyaw.com\/wp-content\/uploads\/2023\/03\/5m-min-12x12.jpg 12w\" sizes=\"auto, (max-width: 800px) 100vw, 800px\" \/>\t\t\t\t\t\t\n\t\t\t\t\t<\/div>\n\t\t\t\t\t\t\t\t\n<style>\n#image_1548240449 {\n  width: 100%;\n}\n<\/style>\n\t<\/div>\n\t\n\n<a class=\"button primary is-small\" >\n\t\t<span>KUZU SOMON TAVUK<\/span>\n\t<\/a>\n\n\n\n\t\t<\/div>\n\t\t\t\t\t<\/div>\n\n\t\n\n\t<div id=\"col-906490884\" class=\"col medium-6 small-12 large-6\"  >\n\t\t\t\t<div class=\"col-inner text-center\"  >\n\t\t\t\n\t\t\t\n\n\t<div class=\"img has-hover x md-x lg-x y md-y lg-y\" id=\"image_1971706576\">\n\t\t\t\t\t\t\t\t<div class=\"img-inner dark\" >\n\t\t\t<img loading=\"lazy\" decoding=\"async\" width=\"800\" height=\"800\" src=\"https:\/\/miyyaw.com\/wp-content\/uploads\/2023\/03\/4m-min-800x800.jpg\" class=\"attachment-large size-large\" alt=\"\" srcset=\"https:\/\/miyyaw.com\/wp-content\/uploads\/2023\/03\/4m-min-800x800.jpg 800w, https:\/\/miyyaw.com\/wp-content\/uploads\/2023\/03\/4m-min-400x400.jpg 400w, https:\/\/miyyaw.com\/wp-content\/uploads\/2023\/03\/4m-min-280x280.jpg 280w, https:\/\/miyyaw.com\/wp-content\/uploads\/2023\/03\/4m-min-768x768.jpg 768w, https:\/\/miyyaw.com\/wp-content\/uploads\/2023\/03\/4m-min-1536x1536.jpg 1536w, https:\/\/miyyaw.com\/wp-content\/uploads\/2023\/03\/4m-min-2048x2048.jpg 2048w, https:\/\/miyyaw.com\/wp-content\/uploads\/2023\/03\/4m-min-12x12.jpg 12w\" sizes=\"auto, (max-width: 800px) 100vw, 800px\" \/>\t\t\t\t\t\t\n\t\t\t\t\t<\/div>\n\t\t\t\t\t\t\t\t\n<style>\n#image_1971706576 {\n  width: 100%;\n}\n<\/style>\n\t<\/div>\n\t\n\n<a class=\"button primary is-small\" >\n\t\t<span>SI\u011eIR<\/span>\n\t<\/a>\n\n\n\n\t\t<\/div>\n\t\t\t\t\t<\/div>\n\n\t\n\n\t<div id=\"col-463627517\" class=\"col medium-6 small-12 large-6\"  >\n\t\t\t\t<div class=\"col-inner text-center\"  >\n\t\t\t\n\t\t\t\n\n\t<div class=\"img has-hover x md-x lg-x y md-y lg-y\" id=\"image_924212403\">\n\t\t\t\t\t\t\t\t<div class=\"img-inner dark\" >\n\t\t\t<img loading=\"lazy\" decoding=\"async\" width=\"800\" height=\"800\" src=\"https:\/\/miyyaw.com\/wp-content\/uploads\/2023\/03\/3m-min-800x800.jpg\" class=\"attachment-large size-large\" alt=\"\" srcset=\"https:\/\/miyyaw.com\/wp-content\/uploads\/2023\/03\/3m-min-800x800.jpg 800w, https:\/\/miyyaw.com\/wp-content\/uploads\/2023\/03\/3m-min-400x400.jpg 400w, https:\/\/miyyaw.com\/wp-content\/uploads\/2023\/03\/3m-min-280x280.jpg 280w, https:\/\/miyyaw.com\/wp-content\/uploads\/2023\/03\/3m-min-768x768.jpg 768w, https:\/\/miyyaw.com\/wp-content\/uploads\/2023\/03\/3m-min-1536x1536.jpg 1536w, https:\/\/miyyaw.com\/wp-content\/uploads\/2023\/03\/3m-min-2048x2048.jpg 2048w, https:\/\/miyyaw.com\/wp-content\/uploads\/2023\/03\/3m-min-12x12.jpg 12w\" sizes=\"auto, (max-width: 800px) 100vw, 800px\" \/>\t\t\t\t\t\t\n\t\t\t\t\t<\/div>\n\t\t\t\t\t\t\t\t\n<style>\n#image_924212403 {\n  width: 100%;\n}\n<\/style>\n\t<\/div>\n\t\n\n<a class=\"button primary is-small\" >\n\t\t<span>SOMONLU<\/span>\n\t<\/a>\n\n\n\n\t\t<\/div>\n\t\t\t\t\t<\/div>\n\n\t\n\n\t<div id=\"col-1132527723\" class=\"col medium-6 small-12 large-6\"  >\n\t\t\t\t<div class=\"col-inner text-center\"  >\n\t\t\t\n\t\t\t\n\n\t<div class=\"img has-hover x md-x lg-x y md-y lg-y\" id=\"image_692846777\">\n\t\t\t\t\t\t\t\t<div class=\"img-inner dark\" >\n\t\t\t<img loading=\"lazy\" decoding=\"async\" width=\"800\" height=\"800\" src=\"https:\/\/miyyaw.com\/wp-content\/uploads\/2023\/03\/2m-min-800x800.jpg\" class=\"attachment-large size-large\" alt=\"\" srcset=\"https:\/\/miyyaw.com\/wp-content\/uploads\/2023\/03\/2m-min-800x800.jpg 800w, https:\/\/miyyaw.com\/wp-content\/uploads\/2023\/03\/2m-min-400x400.jpg 400w, https:\/\/miyyaw.com\/wp-content\/uploads\/2023\/03\/2m-min-280x280.jpg 280w, https:\/\/miyyaw.com\/wp-content\/uploads\/2023\/03\/2m-min-768x768.jpg 768w, https:\/\/miyyaw.com\/wp-content\/uploads\/2023\/03\/2m-min-1536x1536.jpg 1536w, https:\/\/miyyaw.com\/wp-content\/uploads\/2023\/03\/2m-min-2048x2048.jpg 2048w, https:\/\/miyyaw.com\/wp-content\/uploads\/2023\/03\/2m-min-12x12.jpg 12w\" sizes=\"auto, (max-width: 800px) 100vw, 800px\" \/>\t\t\t\t\t\t\n\t\t\t\t\t<\/div>\n\t\t\t\t\t\t\t\t\n<style>\n#image_692846777 {\n  width: 100%;\n}\n<\/style>\n\t<\/div>\n\t\n\n<a class=\"button primary is-small\" >\n\t\t<span>TAVUKLU YAVRU KED\u0130<\/span>\n\t<\/a>\n\n\n\n\t\t<\/div>\n\t\t\t\t\t<\/div>\n\n\t\n\n\t<div id=\"col-1353054636\" class=\"col medium-6 small-12 large-6\"  >\n\t\t\t\t<div class=\"col-inner text-center\"  >\n\t\t\t\n\t\t\t\n\n\t<div class=\"img has-hover x md-x lg-x y md-y lg-y\" id=\"image_234326040\">\n\t\t\t\t\t\t\t\t<div class=\"img-inner dark\" >\n\t\t\t<img loading=\"lazy\" decoding=\"async\" width=\"800\" height=\"800\" src=\"https:\/\/miyyaw.com\/wp-content\/uploads\/2023\/03\/1m-min-800x800.jpg\" class=\"attachment-large size-large\" alt=\"\" srcset=\"https:\/\/miyyaw.com\/wp-content\/uploads\/2023\/03\/1m-min-800x800.jpg 800w, https:\/\/miyyaw.com\/wp-content\/uploads\/2023\/03\/1m-min-400x400.jpg 400w, https:\/\/miyyaw.com\/wp-content\/uploads\/2023\/03\/1m-min-280x280.jpg 280w, https:\/\/miyyaw.com\/wp-content\/uploads\/2023\/03\/1m-min-768x768.jpg 768w, https:\/\/miyyaw.com\/wp-content\/uploads\/2023\/03\/1m-min-1536x1536.jpg 1536w, https:\/\/miyyaw.com\/wp-content\/uploads\/2023\/03\/1m-min-2048x2048.jpg 2048w, https:\/\/miyyaw.com\/wp-content\/uploads\/2023\/03\/1m-min-12x12.jpg 12w\" sizes=\"auto, (max-width: 800px) 100vw, 800px\" \/>\t\t\t\t\t\t\n\t\t\t\t\t<\/div>\n\t\t\t\t\t\t\t\t\n<style>\n#image_234326040 {\n  width: 100%;\n}\n<\/style>\n\t<\/div>\n\t\n\n<a class=\"button primary is-small\" >\n\t\t<span>TAVUKLU YET\u0130\u015eK\u0130N<\/span>\n\t<\/a>\n\n\n\n\t\t<\/div>\n\t\t\t\t\t<\/div>\n\n\t\n\n<\/div>","protected":false},"excerpt":{"rendered":"","protected":false},"author":1,"featured_media":0,"parent":0,"menu_order":0,"comment_status":"closed","ping_status":"closed","template":"","meta":{"footnotes":""},"class_list":["post-783","page","type-page","status-publish","hentry"],"_links":{"self":[{"href":"https:\/\/miyyaw.com\/en\/wp-json\/wp\/v2\/pages\/783","targetHints":{"allow":["GET"]}}],"collection":[{"href":"https:\/\/miyyaw.com\/en\/wp-json\/wp\/v2\/pages"}],"about":[{"href":"https:\/\/miyyaw.com\/en\/wp-json\/wp\/v2\/types\/page"}],"author":[{"embeddable":true,"href":"https:\/\/miyyaw.com\/en\/wp-json\/wp\/v2\/users\/1"}],"replies":[{"embeddable":true,"href":"https:\/\/miyyaw.com\/en\/wp-json\/wp\/v2\/comments?post=783"}],"version-history":[{"count":5,"href":"https:\/\/miyyaw.com\/en\/wp-json\/wp\/v2\/pages\/783\/revisions"}],"predecessor-version":[{"id":833,"href":"https:\/\/miyyaw.com\/en\/wp-json\/wp\/v2\/pages\/783\/revisions\/833"}],"wp:attachment":[{"href":"https:\/\/miyyaw.com\/en\/wp-json\/wp\/v2\/media?parent=783"}],"curies":[{"name":"wp","href":"https:\/\/api.w.org\/{rel}","templated":true}]}}