{"id":782,"date":"2022-09-01T14:39:48","date_gmt":"2022-09-01T11:39:48","guid":{"rendered":"https:\/\/miyyaw.com\/?page_id=782"},"modified":"2023-03-13T23:06:54","modified_gmt":"2023-03-13T20:06:54","slug":"kuru-mama-kopek","status":"publish","type":"page","link":"https:\/\/miyyaw.com\/en\/kuru-mama-kopek\/","title":{"rendered":"Kuru Mama K\u00f6pek"},"content":{"rendered":"<div class=\"row row-full-width align-center\"  id=\"row-1245380424\">\n\n\n\t<div id=\"col-1415966063\" class=\"col medium-9 small-9 large-9\"  >\n\t\t\t\t<div class=\"col-inner text-center\"  >\n\t\t\t\n\t\t\t\n\n<div class=\"container section-title-container\" ><h3 class=\"section-title section-title-center\"><b aria-hidden=\"true\"><\/b><span class=\"section-title-main\" >KURU MAMALAR k\u00f6pek<\/span><b aria-hidden=\"true\"><\/b><\/h3><\/div>\n\n\n\t\t<\/div>\n\t\t\t\t\t<\/div>\n\n\t\n\n\t<div id=\"col-1907046840\" class=\"col medium-6 small-12 large-6\"  >\n\t\t\t\t<div class=\"col-inner text-center\"  >\n\t\t\t\n\t\t\t\n\n\t<div class=\"img has-hover x md-x lg-x y md-y lg-y\" id=\"image_741702539\">\n\t\t\t\t\t\t\t\t<div class=\"img-inner dark\" >\n\t\t\t<img loading=\"lazy\" decoding=\"async\" width=\"800\" height=\"800\" src=\"https:\/\/miyyaw.com\/wp-content\/uploads\/2023\/03\/4k-min-800x800.jpg\" class=\"attachment-large size-large\" alt=\"\" srcset=\"https:\/\/miyyaw.com\/wp-content\/uploads\/2023\/03\/4k-min-800x800.jpg 800w, https:\/\/miyyaw.com\/wp-content\/uploads\/2023\/03\/4k-min-400x400.jpg 400w, https:\/\/miyyaw.com\/wp-content\/uploads\/2023\/03\/4k-min-280x280.jpg 280w, https:\/\/miyyaw.com\/wp-content\/uploads\/2023\/03\/4k-min-768x768.jpg 768w, https:\/\/miyyaw.com\/wp-content\/uploads\/2023\/03\/4k-min-1536x1536.jpg 1536w, https:\/\/miyyaw.com\/wp-content\/uploads\/2023\/03\/4k-min-2048x2048.jpg 2048w, https:\/\/miyyaw.com\/wp-content\/uploads\/2023\/03\/4k-min-12x12.jpg 12w\" sizes=\"auto, (max-width: 800px) 100vw, 800px\" \/>\t\t\t\t\t\t\n\t\t\t\t\t<\/div>\n\t\t\t\t\t\t\t\t\n<style>\n#image_741702539 {\n  width: 100%;\n}\n<\/style>\n\t<\/div>\n\t\n\n<a class=\"button primary is-small\" >\n\t\t<span>SOMONLU<\/span>\n\t<\/a>\n\n\n\n\t\t<\/div>\n\t\t\t\t\t<\/div>\n\n\t\n\n\t<div id=\"col-550382363\" class=\"col medium-6 small-12 large-6\"  >\n\t\t\t\t<div class=\"col-inner text-center\"  >\n\t\t\t\n\t\t\t\n\n\t<div class=\"img has-hover x md-x lg-x y md-y lg-y\" id=\"image_611637654\">\n\t\t\t\t\t\t\t\t<div class=\"img-inner dark\" >\n\t\t\t<img loading=\"lazy\" decoding=\"async\" width=\"800\" height=\"800\" src=\"https:\/\/miyyaw.com\/wp-content\/uploads\/2023\/03\/3k-min-800x800.jpg\" class=\"attachment-large size-large\" alt=\"\" srcset=\"https:\/\/miyyaw.com\/wp-content\/uploads\/2023\/03\/3k-min-800x800.jpg 800w, https:\/\/miyyaw.com\/wp-content\/uploads\/2023\/03\/3k-min-400x400.jpg 400w, https:\/\/miyyaw.com\/wp-content\/uploads\/2023\/03\/3k-min-280x280.jpg 280w, https:\/\/miyyaw.com\/wp-content\/uploads\/2023\/03\/3k-min-768x768.jpg 768w, https:\/\/miyyaw.com\/wp-content\/uploads\/2023\/03\/3k-min-1536x1536.jpg 1536w, https:\/\/miyyaw.com\/wp-content\/uploads\/2023\/03\/3k-min-2048x2048.jpg 2048w, https:\/\/miyyaw.com\/wp-content\/uploads\/2023\/03\/3k-min-12x12.jpg 12w\" sizes=\"auto, (max-width: 800px) 100vw, 800px\" \/>\t\t\t\t\t\t\n\t\t\t\t\t<\/div>\n\t\t\t\t\t\t\t\t\n<style>\n#image_611637654 {\n  width: 100%;\n}\n<\/style>\n\t<\/div>\n\t\n\n<a class=\"button primary is-small\" >\n\t\t<span>KUZU ETL\u0130 YAVRU K\u00d6PEK<\/span>\n\t<\/a>\n\n\n\n\t\t<\/div>\n\t\t\t\t\t<\/div>\n\n\t\n\n\t<div id=\"col-832896872\" class=\"col medium-6 small-12 large-6\"  >\n\t\t\t\t<div class=\"col-inner text-center\"  >\n\t\t\t\n\t\t\t\n\n\t<div class=\"img has-hover x md-x lg-x y md-y lg-y\" id=\"image_61249997\">\n\t\t\t\t\t\t\t\t<div class=\"img-inner dark\" >\n\t\t\t<img loading=\"lazy\" decoding=\"async\" width=\"800\" height=\"800\" src=\"https:\/\/miyyaw.com\/wp-content\/uploads\/2023\/03\/2k-min-800x800.jpg\" class=\"attachment-large size-large\" alt=\"\" srcset=\"https:\/\/miyyaw.com\/wp-content\/uploads\/2023\/03\/2k-min-800x800.jpg 800w, https:\/\/miyyaw.com\/wp-content\/uploads\/2023\/03\/2k-min-400x400.jpg 400w, https:\/\/miyyaw.com\/wp-content\/uploads\/2023\/03\/2k-min-280x280.jpg 280w, https:\/\/miyyaw.com\/wp-content\/uploads\/2023\/03\/2k-min-768x768.jpg 768w, https:\/\/miyyaw.com\/wp-content\/uploads\/2023\/03\/2k-min-1536x1536.jpg 1536w, https:\/\/miyyaw.com\/wp-content\/uploads\/2023\/03\/2k-min-2048x2048.jpg 2048w, https:\/\/miyyaw.com\/wp-content\/uploads\/2023\/03\/2k-min-12x12.jpg 12w\" sizes=\"auto, (max-width: 800px) 100vw, 800px\" \/>\t\t\t\t\t\t\n\t\t\t\t\t<\/div>\n\t\t\t\t\t\t\t\t\n<style>\n#image_61249997 {\n  width: 100%;\n}\n<\/style>\n\t<\/div>\n\t\n\n<a class=\"button primary is-small\" >\n\t\t<span>KUZU ETL\u0130 YET\u0130\u015eK\u0130N<\/span>\n\t<\/a>\n\n\n\n\t\t<\/div>\n\t\t\t\t\t<\/div>\n\n\t\n\n\t<div id=\"col-212680143\" class=\"col medium-6 small-12 large-6\"  >\n\t\t\t\t<div class=\"col-inner text-center\"  >\n\t\t\t\n\t\t\t\n\n\t<div class=\"img has-hover x md-x lg-x y md-y lg-y\" id=\"image_1862376119\">\n\t\t\t\t\t\t\t\t<div class=\"img-inner dark\" >\n\t\t\t<img loading=\"lazy\" decoding=\"async\" width=\"800\" height=\"800\" src=\"https:\/\/miyyaw.com\/wp-content\/uploads\/2023\/03\/1k-min-800x800.jpg\" class=\"attachment-large size-large\" alt=\"\" srcset=\"https:\/\/miyyaw.com\/wp-content\/uploads\/2023\/03\/1k-min-800x800.jpg 800w, https:\/\/miyyaw.com\/wp-content\/uploads\/2023\/03\/1k-min-400x400.jpg 400w, https:\/\/miyyaw.com\/wp-content\/uploads\/2023\/03\/1k-min-280x280.jpg 280w, https:\/\/miyyaw.com\/wp-content\/uploads\/2023\/03\/1k-min-768x768.jpg 768w, https:\/\/miyyaw.com\/wp-content\/uploads\/2023\/03\/1k-min-1536x1536.jpg 1536w, https:\/\/miyyaw.com\/wp-content\/uploads\/2023\/03\/1k-min-2048x2048.jpg 2048w, https:\/\/miyyaw.com\/wp-content\/uploads\/2023\/03\/1k-min-12x12.jpg 12w\" sizes=\"auto, (max-width: 800px) 100vw, 800px\" \/>\t\t\t\t\t\t\n\t\t\t\t\t<\/div>\n\t\t\t\t\t\t\t\t\n<style>\n#image_1862376119 {\n  width: 100%;\n}\n<\/style>\n\t<\/div>\n\t\n\n<a class=\"button primary is-small\" >\n\t\t<span>TAVUKLU YAVRU K\u00d6PEK<\/span>\n\t<\/a>\n\n\n\n\t\t<\/div>\n\t\t\t\t\t<\/div>\n\n\t\n\n<\/div>","protected":false},"excerpt":{"rendered":"","protected":false},"author":1,"featured_media":0,"parent":0,"menu_order":0,"comment_status":"closed","ping_status":"closed","template":"","meta":{"footnotes":""},"class_list":["post-782","page","type-page","status-publish","hentry"],"_links":{"self":[{"href":"https:\/\/miyyaw.com\/en\/wp-json\/wp\/v2\/pages\/782","targetHints":{"allow":["GET"]}}],"collection":[{"href":"https:\/\/miyyaw.com\/en\/wp-json\/wp\/v2\/pages"}],"about":[{"href":"https:\/\/miyyaw.com\/en\/wp-json\/wp\/v2\/types\/page"}],"author":[{"embeddable":true,"href":"https:\/\/miyyaw.com\/en\/wp-json\/wp\/v2\/users\/1"}],"replies":[{"embeddable":true,"href":"https:\/\/miyyaw.com\/en\/wp-json\/wp\/v2\/comments?post=782"}],"version-history":[{"count":5,"href":"https:\/\/miyyaw.com\/en\/wp-json\/wp\/v2\/pages\/782\/revisions"}],"predecessor-version":[{"id":835,"href":"https:\/\/miyyaw.com\/en\/wp-json\/wp\/v2\/pages\/782\/revisions\/835"}],"wp:attachment":[{"href":"https:\/\/miyyaw.com\/en\/wp-json\/wp\/v2\/media?parent=782"}],"curies":[{"name":"wp","href":"https:\/\/api.w.org\/{rel}","templated":true}]}}