{"id":480,"date":"2021-11-01T01:36:51","date_gmt":"2021-10-31T22:36:51","guid":{"rendered":"http:\/\/miyyaw.com\/?page_id=480"},"modified":"2023-03-13T23:08:06","modified_gmt":"2023-03-13T20:08:06","slug":"hakkimizda","status":"publish","type":"page","link":"https:\/\/miyyaw.com\/en\/hakkimizda\/","title":{"rendered":"HAKKIMIZDA"},"content":{"rendered":"<div class=\"row row-collapse align-center row-dashed\"  id=\"row-56807237\">\n\n\n\t<div id=\"col-789479100\" class=\"col medium-6 small-12 large-6\"  >\n\t\t\t\t<div class=\"col-inner text-center\"  >\n\t\t\t\n\t\t\t\n\n\t<div class=\"img has-hover x md-x lg-x y md-y lg-y\" id=\"image_2028573802\">\n\t\t\t\t\t\t\t\t<div class=\"img-inner dark\" >\n\t\t\t<img loading=\"lazy\" decoding=\"async\" width=\"1020\" height=\"344\" src=\"https:\/\/miyyaw.com\/wp-content\/uploads\/2021\/11\/eximportcalogo-1400x472.png\" class=\"attachment-large size-large\" alt=\"\" srcset=\"https:\/\/miyyaw.com\/wp-content\/uploads\/2021\/11\/eximportcalogo-1400x472.png 1400w, https:\/\/miyyaw.com\/wp-content\/uploads\/2021\/11\/eximportcalogo-800x270.png 800w, https:\/\/miyyaw.com\/wp-content\/uploads\/2021\/11\/eximportcalogo-768x259.png 768w, https:\/\/miyyaw.com\/wp-content\/uploads\/2021\/11\/eximportcalogo-1536x518.png 1536w, https:\/\/miyyaw.com\/wp-content\/uploads\/2021\/11\/eximportcalogo-2048x690.png 2048w, https:\/\/miyyaw.com\/wp-content\/uploads\/2021\/11\/eximportcalogo-600x202.png 600w\" sizes=\"auto, (max-width: 1020px) 100vw, 1020px\" \/>\t\t\t\t\t\t\n\t\t\t\t\t<\/div>\n\t\t\t\t\t\t\t\t\n<style>\n#image_2028573802 {\n  width: 100%;\n}\n<\/style>\n\t<\/div>\n\t\n\n\n\t\t<\/div>\n\t\t\t\t\t<\/div>\n\n\t\n\n\t<div id=\"col-1522446465\" class=\"col small-12 large-12\"  >\n\t\t\t\t<div class=\"col-inner text-center\"  >\n\t\t\t\n\t\t\t\n\n<p>2005 Y\u0131l\u0131ndan bu yana, Pet Sekt\u00f6r\u00fcnde faaliyet g\u00f6steren firmam\u0131z; gerek yurt i\u00e7i gerek yurt d\u0131\u015f\u0131 \u00fcr\u00fcn sat\u0131\u015flar\u0131 ileher ge\u00e7en s\u00fcre\u00e7te b\u00fcy\u00fcmekte ve siz de\u011ferli m\u00fc\u015fterilerimize kaliteli \u00fcr\u00fcn hizmeti vermeye devam edecektir.<\/p>\n\n\t\t<\/div>\n\t\t\t\t\t<\/div>\n\n\t\n\n<\/div>","protected":false},"excerpt":{"rendered":"","protected":false},"author":1,"featured_media":0,"parent":0,"menu_order":0,"comment_status":"closed","ping_status":"closed","template":"","meta":{"footnotes":""},"class_list":["post-480","page","type-page","status-publish","hentry"],"_links":{"self":[{"href":"https:\/\/miyyaw.com\/en\/wp-json\/wp\/v2\/pages\/480","targetHints":{"allow":["GET"]}}],"collection":[{"href":"https:\/\/miyyaw.com\/en\/wp-json\/wp\/v2\/pages"}],"about":[{"href":"https:\/\/miyyaw.com\/en\/wp-json\/wp\/v2\/types\/page"}],"author":[{"embeddable":true,"href":"https:\/\/miyyaw.com\/en\/wp-json\/wp\/v2\/users\/1"}],"replies":[{"embeddable":true,"href":"https:\/\/miyyaw.com\/en\/wp-json\/wp\/v2\/comments?post=480"}],"version-history":[{"count":4,"href":"https:\/\/miyyaw.com\/en\/wp-json\/wp\/v2\/pages\/480\/revisions"}],"predecessor-version":[{"id":836,"href":"https:\/\/miyyaw.com\/en\/wp-json\/wp\/v2\/pages\/480\/revisions\/836"}],"wp:attachment":[{"href":"https:\/\/miyyaw.com\/en\/wp-json\/wp\/v2\/media?parent=480"}],"curies":[{"name":"wp","href":"https:\/\/api.w.org\/{rel}","templated":true}]}}