{"id":305,"date":"2021-10-31T17:08:06","date_gmt":"2021-10-31T14:08:06","guid":{"rendered":"http:\/\/miyyaw.com\/?page_id=305"},"modified":"2023-03-13T22:56:47","modified_gmt":"2023-03-13T19:56:47","slug":"odul-mamalari","status":"publish","type":"page","link":"https:\/\/miyyaw.com\/en\/odul-mamalari\/","title":{"rendered":"\u00d6d\u00fcl Mamalar\u0131"},"content":{"rendered":"<div class=\"row row-full-width align-center\"  id=\"row-1722139281\">\n\n\n\t<div id=\"col-1365812630\" class=\"col medium-9 small-9 large-9\"  >\n\t\t\t\t<div class=\"col-inner text-center\"  >\n\t\t\t\n\t\t\t\n\n<div class=\"container section-title-container\" ><h3 class=\"section-title section-title-center\"><b aria-hidden=\"true\"><\/b><span class=\"section-title-main\" >\u00d6D\u00dcL MAMALARI<\/span><b aria-hidden=\"true\"><\/b><\/h3><\/div>\n\n\n\t\t<\/div>\n\t\t\t\t\t<\/div>\n\n\t\n\n\t<div id=\"col-1739087311\" class=\"col medium-4 small-6 large-4\"  >\n\t\t\t\t<div class=\"col-inner text-center\"  >\n\t\t\t\n\t\t\t\n\n\t<div class=\"img has-hover x md-x lg-x y md-y lg-y\" id=\"image_1180135016\">\n\t\t\t\t\t\t\t\t<div class=\"img-inner dark\" >\n\t\t\t<img loading=\"lazy\" decoding=\"async\" width=\"800\" height=\"800\" src=\"https:\/\/miyyaw.com\/wp-content\/uploads\/2021\/11\/beeflungcube-min-800x800.jpg\" class=\"attachment-large size-large\" alt=\"\" srcset=\"https:\/\/miyyaw.com\/wp-content\/uploads\/2021\/11\/beeflungcube-min-800x800.jpg 800w, https:\/\/miyyaw.com\/wp-content\/uploads\/2021\/11\/beeflungcube-min-400x400.jpg 400w, https:\/\/miyyaw.com\/wp-content\/uploads\/2021\/11\/beeflungcube-min-280x280.jpg 280w, https:\/\/miyyaw.com\/wp-content\/uploads\/2021\/11\/beeflungcube-min-768x768.jpg 768w, https:\/\/miyyaw.com\/wp-content\/uploads\/2021\/11\/beeflungcube-min-300x300.jpg 300w, https:\/\/miyyaw.com\/wp-content\/uploads\/2021\/11\/beeflungcube-min-600x600.jpg 600w, https:\/\/miyyaw.com\/wp-content\/uploads\/2021\/11\/beeflungcube-min-100x100.jpg 100w, https:\/\/miyyaw.com\/wp-content\/uploads\/2021\/11\/beeflungcube-min.jpg 850w\" sizes=\"auto, (max-width: 800px) 100vw, 800px\" \/>\t\t\t\t\t\t\n\t\t\t\t\t<\/div>\n\t\t\t\t\t\t\t\t\n<style>\n#image_1180135016 {\n  width: 100%;\n}\n<\/style>\n\t<\/div>\n\t\n\n<a class=\"button primary is-small\" >\n\t\t<span>BEEF LUNG CUBE<\/span>\n\t<\/a>\n\n\n\n\t\t<\/div>\n\t\t\t\t\t<\/div>\n\n\t\n\n\t<div id=\"col-35943165\" class=\"col medium-4 small-6 large-4\"  >\n\t\t\t\t<div class=\"col-inner text-center\"  >\n\t\t\t\n\t\t\t\n\n\t<div class=\"img has-hover x md-x lg-x y md-y lg-y\" id=\"image_2015413522\">\n\t\t\t\t\t\t\t\t<div class=\"img-inner dark\" >\n\t\t\t<img loading=\"lazy\" decoding=\"async\" width=\"800\" height=\"800\" src=\"https:\/\/miyyaw.com\/wp-content\/uploads\/2021\/11\/cowudderstick-min-800x800.jpg\" class=\"attachment-large size-large\" alt=\"\" srcset=\"https:\/\/miyyaw.com\/wp-content\/uploads\/2021\/11\/cowudderstick-min-800x800.jpg 800w, https:\/\/miyyaw.com\/wp-content\/uploads\/2021\/11\/cowudderstick-min-400x400.jpg 400w, https:\/\/miyyaw.com\/wp-content\/uploads\/2021\/11\/cowudderstick-min-280x280.jpg 280w, https:\/\/miyyaw.com\/wp-content\/uploads\/2021\/11\/cowudderstick-min-768x768.jpg 768w, https:\/\/miyyaw.com\/wp-content\/uploads\/2021\/11\/cowudderstick-min-300x300.jpg 300w, https:\/\/miyyaw.com\/wp-content\/uploads\/2021\/11\/cowudderstick-min-600x600.jpg 600w, https:\/\/miyyaw.com\/wp-content\/uploads\/2021\/11\/cowudderstick-min-100x100.jpg 100w, https:\/\/miyyaw.com\/wp-content\/uploads\/2021\/11\/cowudderstick-min.jpg 850w\" sizes=\"auto, (max-width: 800px) 100vw, 800px\" \/>\t\t\t\t\t\t\n\t\t\t\t\t<\/div>\n\t\t\t\t\t\t\t\t\n<style>\n#image_2015413522 {\n  width: 100%;\n}\n<\/style>\n\t<\/div>\n\t\n\n<a class=\"button primary is-small\" >\n\t\t<span>COW UDDER STICK<\/span>\n\t<\/a>\n\n\n\n\t\t<\/div>\n\t\t\t\t\t<\/div>\n\n\t\n\n\t<div id=\"col-1597618254\" class=\"col medium-4 small-6 large-4\"  >\n\t\t\t\t<div class=\"col-inner text-center\"  >\n\t\t\t\n\t\t\t\n\n\t<div class=\"img has-hover x md-x lg-x y md-y lg-y\" id=\"image_940378027\">\n\t\t\t\t\t\t\t\t<div class=\"img-inner dark\" >\n\t\t\t<img loading=\"lazy\" decoding=\"async\" width=\"800\" height=\"800\" src=\"https:\/\/miyyaw.com\/wp-content\/uploads\/2021\/11\/danakafaderisi-min-800x800.jpg\" class=\"attachment-large size-large\" alt=\"\" srcset=\"https:\/\/miyyaw.com\/wp-content\/uploads\/2021\/11\/danakafaderisi-min-800x800.jpg 800w, https:\/\/miyyaw.com\/wp-content\/uploads\/2021\/11\/danakafaderisi-min-400x400.jpg 400w, https:\/\/miyyaw.com\/wp-content\/uploads\/2021\/11\/danakafaderisi-min-280x280.jpg 280w, https:\/\/miyyaw.com\/wp-content\/uploads\/2021\/11\/danakafaderisi-min-768x768.jpg 768w, https:\/\/miyyaw.com\/wp-content\/uploads\/2021\/11\/danakafaderisi-min-300x300.jpg 300w, https:\/\/miyyaw.com\/wp-content\/uploads\/2021\/11\/danakafaderisi-min-600x600.jpg 600w, https:\/\/miyyaw.com\/wp-content\/uploads\/2021\/11\/danakafaderisi-min-100x100.jpg 100w, https:\/\/miyyaw.com\/wp-content\/uploads\/2021\/11\/danakafaderisi-min.jpg 850w\" sizes=\"auto, (max-width: 800px) 100vw, 800px\" \/>\t\t\t\t\t\t\n\t\t\t\t\t<\/div>\n\t\t\t\t\t\t\t\t\n<style>\n#image_940378027 {\n  width: 100%;\n}\n<\/style>\n\t<\/div>\n\t\n\n<a class=\"button primary is-small\" >\n\t\t<span>DANA KAFA DER\u0130S\u0130<\/span>\n\t<\/a>\n\n\n\n\t\t<\/div>\n\t\t\t\t\t<\/div>\n\n\t\n\n\t<div id=\"col-1783876743\" class=\"col medium-4 small-6 large-4\"  >\n\t\t\t\t<div class=\"col-inner text-center\"  >\n\t\t\t\n\t\t\t\n\n\t<div class=\"img has-hover x md-x lg-x y md-y lg-y\" id=\"image_1120786167\">\n\t\t\t\t\t\t\t\t<div class=\"img-inner dark\" >\n\t\t\t<img loading=\"lazy\" decoding=\"async\" width=\"800\" height=\"800\" src=\"https:\/\/miyyaw.com\/wp-content\/uploads\/2021\/11\/danakupciger-min-800x800.jpg\" class=\"attachment-large size-large\" alt=\"\" srcset=\"https:\/\/miyyaw.com\/wp-content\/uploads\/2021\/11\/danakupciger-min-800x800.jpg 800w, https:\/\/miyyaw.com\/wp-content\/uploads\/2021\/11\/danakupciger-min-400x400.jpg 400w, https:\/\/miyyaw.com\/wp-content\/uploads\/2021\/11\/danakupciger-min-280x280.jpg 280w, https:\/\/miyyaw.com\/wp-content\/uploads\/2021\/11\/danakupciger-min-768x768.jpg 768w, https:\/\/miyyaw.com\/wp-content\/uploads\/2021\/11\/danakupciger-min-300x300.jpg 300w, https:\/\/miyyaw.com\/wp-content\/uploads\/2021\/11\/danakupciger-min-600x600.jpg 600w, https:\/\/miyyaw.com\/wp-content\/uploads\/2021\/11\/danakupciger-min-100x100.jpg 100w, https:\/\/miyyaw.com\/wp-content\/uploads\/2021\/11\/danakupciger-min.jpg 850w\" sizes=\"auto, (max-width: 800px) 100vw, 800px\" \/>\t\t\t\t\t\t\n\t\t\t\t\t<\/div>\n\t\t\t\t\t\t\t\t\n<style>\n#image_1120786167 {\n  width: 100%;\n}\n<\/style>\n\t<\/div>\n\t\n\n<a class=\"button primary is-small\" >\n\t\t<span>DAMA K\u00dcP C\u0130\u011eER<\/span>\n\t<\/a>\n\n\n\n\t\t<\/div>\n\t\t\t\t\t<\/div>\n\n\t\n\n\t<div id=\"col-375585688\" class=\"col medium-4 small-6 large-4\"  >\n\t\t\t\t<div class=\"col-inner text-center\"  >\n\t\t\t\n\t\t\t\n\n\t<div class=\"img has-hover x md-x lg-x y md-y lg-y\" id=\"image_1647288248\">\n\t\t\t\t\t\t\t\t<div class=\"img-inner dark\" >\n\t\t\t<img loading=\"lazy\" decoding=\"async\" width=\"800\" height=\"800\" src=\"https:\/\/miyyaw.com\/wp-content\/uploads\/2021\/11\/danakuyruk-min-800x800.jpg\" class=\"attachment-large size-large\" alt=\"\" srcset=\"https:\/\/miyyaw.com\/wp-content\/uploads\/2021\/11\/danakuyruk-min-800x800.jpg 800w, https:\/\/miyyaw.com\/wp-content\/uploads\/2021\/11\/danakuyruk-min-400x400.jpg 400w, https:\/\/miyyaw.com\/wp-content\/uploads\/2021\/11\/danakuyruk-min-280x280.jpg 280w, https:\/\/miyyaw.com\/wp-content\/uploads\/2021\/11\/danakuyruk-min-768x768.jpg 768w, https:\/\/miyyaw.com\/wp-content\/uploads\/2021\/11\/danakuyruk-min-300x300.jpg 300w, https:\/\/miyyaw.com\/wp-content\/uploads\/2021\/11\/danakuyruk-min-600x600.jpg 600w, https:\/\/miyyaw.com\/wp-content\/uploads\/2021\/11\/danakuyruk-min-100x100.jpg 100w, https:\/\/miyyaw.com\/wp-content\/uploads\/2021\/11\/danakuyruk-min.jpg 850w\" sizes=\"auto, (max-width: 800px) 100vw, 800px\" \/>\t\t\t\t\t\t\n\t\t\t\t\t<\/div>\n\t\t\t\t\t\t\t\t\n<style>\n#image_1647288248 {\n  width: 100%;\n}\n<\/style>\n\t<\/div>\n\t\n\n<a class=\"button primary is-small\" >\n\t\t<span>DANA KUYRUK<\/span>\n\t<\/a>\n\n\n\n\t\t<\/div>\n\t\t\t\t\t<\/div>\n\n\t\n\n\t<div id=\"col-2025357336\" class=\"col medium-4 small-6 large-4\"  >\n\t\t\t\t<div class=\"col-inner text-center\"  >\n\t\t\t\n\t\t\t\n\n\t<div class=\"img has-hover x md-x lg-x y md-y lg-y\" id=\"image_1759747176\">\n\t\t\t\t\t\t\t\t<div class=\"img-inner dark\" >\n\t\t\t<img loading=\"lazy\" decoding=\"async\" width=\"800\" height=\"800\" src=\"https:\/\/miyyaw.com\/wp-content\/uploads\/2021\/11\/inekmeme-min-800x800.jpg\" class=\"attachment-large size-large\" alt=\"\" srcset=\"https:\/\/miyyaw.com\/wp-content\/uploads\/2021\/11\/inekmeme-min-800x800.jpg 800w, https:\/\/miyyaw.com\/wp-content\/uploads\/2021\/11\/inekmeme-min-400x400.jpg 400w, https:\/\/miyyaw.com\/wp-content\/uploads\/2021\/11\/inekmeme-min-280x280.jpg 280w, https:\/\/miyyaw.com\/wp-content\/uploads\/2021\/11\/inekmeme-min-768x768.jpg 768w, https:\/\/miyyaw.com\/wp-content\/uploads\/2021\/11\/inekmeme-min-300x300.jpg 300w, https:\/\/miyyaw.com\/wp-content\/uploads\/2021\/11\/inekmeme-min-600x600.jpg 600w, https:\/\/miyyaw.com\/wp-content\/uploads\/2021\/11\/inekmeme-min-100x100.jpg 100w, https:\/\/miyyaw.com\/wp-content\/uploads\/2021\/11\/inekmeme-min.jpg 850w\" sizes=\"auto, (max-width: 800px) 100vw, 800px\" \/>\t\t\t\t\t\t\n\t\t\t\t\t<\/div>\n\t\t\t\t\t\t\t\t\n<style>\n#image_1759747176 {\n  width: 100%;\n}\n<\/style>\n\t<\/div>\n\t\n\n<a class=\"button primary is-small\" >\n\t\t<span>\u0130NEK MEME<\/span>\n\t<\/a>\n\n\n\n\t\t<\/div>\n\t\t\t\t\t<\/div>\n\n\t\n\n\t<div id=\"col-727844221\" class=\"col medium-4 small-6 large-4\"  >\n\t\t\t\t<div class=\"col-inner text-center\"  >\n\t\t\t\n\t\t\t\n\n\t<div class=\"img has-hover x md-x lg-x y md-y lg-y\" id=\"image_1511775245\">\n\t\t\t\t\t\t\t\t<div class=\"img-inner dark\" >\n\t\t\t<img loading=\"lazy\" decoding=\"async\" width=\"800\" height=\"800\" src=\"https:\/\/miyyaw.com\/wp-content\/uploads\/2021\/11\/lambtrachea-min-800x800.jpg\" class=\"attachment-large size-large\" alt=\"\" srcset=\"https:\/\/miyyaw.com\/wp-content\/uploads\/2021\/11\/lambtrachea-min-800x800.jpg 800w, https:\/\/miyyaw.com\/wp-content\/uploads\/2021\/11\/lambtrachea-min-400x400.jpg 400w, https:\/\/miyyaw.com\/wp-content\/uploads\/2021\/11\/lambtrachea-min-280x280.jpg 280w, https:\/\/miyyaw.com\/wp-content\/uploads\/2021\/11\/lambtrachea-min-768x768.jpg 768w, https:\/\/miyyaw.com\/wp-content\/uploads\/2021\/11\/lambtrachea-min-300x300.jpg 300w, https:\/\/miyyaw.com\/wp-content\/uploads\/2021\/11\/lambtrachea-min-600x600.jpg 600w, https:\/\/miyyaw.com\/wp-content\/uploads\/2021\/11\/lambtrachea-min-100x100.jpg 100w, https:\/\/miyyaw.com\/wp-content\/uploads\/2021\/11\/lambtrachea-min.jpg 850w\" sizes=\"auto, (max-width: 800px) 100vw, 800px\" \/>\t\t\t\t\t\t\n\t\t\t\t\t<\/div>\n\t\t\t\t\t\t\t\t\n<style>\n#image_1511775245 {\n  width: 100%;\n}\n<\/style>\n\t<\/div>\n\t\n\n<a class=\"button primary is-small\" >\n\t\t<span>LAMB TRACHEA<\/span>\n\t<\/a>\n\n\n\n\t\t<\/div>\n\t\t\t\t\t<\/div>\n\n\t\n\n\t<div id=\"col-1175009055\" class=\"col medium-4 small-6 large-4\"  >\n\t\t\t\t<div class=\"col-inner text-center\"  >\n\t\t\t\n\t\t\t\n\n\t<div class=\"img has-hover x md-x lg-x y md-y lg-y\" id=\"image_1746822395\">\n\t\t\t\t\t\t\t\t<div class=\"img-inner dark\" >\n\t\t\t<img loading=\"lazy\" decoding=\"async\" width=\"800\" height=\"800\" src=\"https:\/\/miyyaw.com\/wp-content\/uploads\/2021\/11\/lamears-min-800x800.jpg\" class=\"attachment-large size-large\" alt=\"\" srcset=\"https:\/\/miyyaw.com\/wp-content\/uploads\/2021\/11\/lamears-min-800x800.jpg 800w, https:\/\/miyyaw.com\/wp-content\/uploads\/2021\/11\/lamears-min-400x400.jpg 400w, https:\/\/miyyaw.com\/wp-content\/uploads\/2021\/11\/lamears-min-280x280.jpg 280w, https:\/\/miyyaw.com\/wp-content\/uploads\/2021\/11\/lamears-min-768x768.jpg 768w, https:\/\/miyyaw.com\/wp-content\/uploads\/2021\/11\/lamears-min-300x300.jpg 300w, https:\/\/miyyaw.com\/wp-content\/uploads\/2021\/11\/lamears-min-600x600.jpg 600w, https:\/\/miyyaw.com\/wp-content\/uploads\/2021\/11\/lamears-min-100x100.jpg 100w, https:\/\/miyyaw.com\/wp-content\/uploads\/2021\/11\/lamears-min.jpg 850w\" sizes=\"auto, (max-width: 800px) 100vw, 800px\" \/>\t\t\t\t\t\t\n\t\t\t\t\t<\/div>\n\t\t\t\t\t\t\t\t\n<style>\n#image_1746822395 {\n  width: 100%;\n}\n<\/style>\n\t<\/div>\n\t\n\n<a class=\"button primary is-small\" >\n\t\t<span>LAMB EARS<\/span>\n\t<\/a>\n\n\n\n\t\t<\/div>\n\t\t\t\t\t<\/div>\n\n\t\n\n<\/div>","protected":false},"excerpt":{"rendered":"","protected":false},"author":1,"featured_media":0,"parent":0,"menu_order":0,"comment_status":"closed","ping_status":"closed","template":"","meta":{"footnotes":""},"class_list":["post-305","page","type-page","status-publish","hentry"],"_links":{"self":[{"href":"https:\/\/miyyaw.com\/en\/wp-json\/wp\/v2\/pages\/305","targetHints":{"allow":["GET"]}}],"collection":[{"href":"https:\/\/miyyaw.com\/en\/wp-json\/wp\/v2\/pages"}],"about":[{"href":"https:\/\/miyyaw.com\/en\/wp-json\/wp\/v2\/types\/page"}],"author":[{"embeddable":true,"href":"https:\/\/miyyaw.com\/en\/wp-json\/wp\/v2\/users\/1"}],"replies":[{"embeddable":true,"href":"https:\/\/miyyaw.com\/en\/wp-json\/wp\/v2\/comments?post=305"}],"version-history":[{"count":4,"href":"https:\/\/miyyaw.com\/en\/wp-json\/wp\/v2\/pages\/305\/revisions"}],"predecessor-version":[{"id":830,"href":"https:\/\/miyyaw.com\/en\/wp-json\/wp\/v2\/pages\/305\/revisions\/830"}],"wp:attachment":[{"href":"https:\/\/miyyaw.com\/en\/wp-json\/wp\/v2\/media?parent=305"}],"curies":[{"name":"wp","href":"https:\/\/api.w.org\/{rel}","templated":true}]}}