{"id":298,"date":"2021-10-31T17:07:06","date_gmt":"2021-10-31T14:07:06","guid":{"rendered":"http:\/\/miyyaw.com\/?page_id=298"},"modified":"2023-03-13T23:47:31","modified_gmt":"2023-03-13T20:47:31","slug":"kopek-urunleri","status":"publish","type":"page","link":"https:\/\/miyyaw.com\/en\/kopek-urunleri\/","title":{"rendered":"Pate ( Ezme ) K\u00f6pek"},"content":{"rendered":"<div class=\"row row-full-width align-center\"  id=\"row-1937441876\">\n\n\n\t<div id=\"col-1597517202\" class=\"col small-12 large-12\"  >\n\t\t\t\t<div class=\"col-inner text-center\"  >\n\t\t\t\n\t\t\t\n\n<div class=\"container section-title-container\" ><h3 class=\"section-title section-title-bold-center\"><b aria-hidden=\"true\"><\/b><span class=\"section-title-main\" >EZME K\u00d6PEK<\/span><b aria-hidden=\"true\"><\/b><\/h3><\/div>\n\n\n\t\t<\/div>\n\t\t\t\t\t<\/div>\n\n\t\n\n\t<div id=\"col-36057517\" class=\"col medium-4 small-6 large-4\"  >\n\t\t\t\t<div class=\"col-inner text-center\"  >\n\t\t\t\n\t\t\t\n\n\t<div class=\"img has-hover x md-x lg-x y md-y lg-y\" id=\"image_143514322\">\n\t\t\t\t\t\t\t\t<div class=\"img-inner dark\" >\n\t\t\t<img loading=\"lazy\" decoding=\"async\" width=\"513\" height=\"800\" src=\"https:\/\/miyyaw.com\/wp-content\/uploads\/2022\/01\/KO\u0308PEKhavuclu-somonlu-PATE-min-513x800.png\" class=\"attachment-large size-large\" alt=\"\" srcset=\"https:\/\/miyyaw.com\/wp-content\/uploads\/2022\/01\/KO\u0308PEKhavuclu-somonlu-PATE-min-513x800.png 513w, https:\/\/miyyaw.com\/wp-content\/uploads\/2022\/01\/KO\u0308PEKhavuclu-somonlu-PATE-min-256x400.png 256w, https:\/\/miyyaw.com\/wp-content\/uploads\/2022\/01\/KO\u0308PEKhavuclu-somonlu-PATE-min-768x1198.png 768w, https:\/\/miyyaw.com\/wp-content\/uploads\/2022\/01\/KO\u0308PEKhavuclu-somonlu-PATE-min-985x1536.png 985w, https:\/\/miyyaw.com\/wp-content\/uploads\/2022\/01\/KO\u0308PEKhavuclu-somonlu-PATE-min-600x936.png 600w, https:\/\/miyyaw.com\/wp-content\/uploads\/2022\/01\/KO\u0308PEKhavuclu-somonlu-PATE-min.png 1206w\" sizes=\"auto, (max-width: 513px) 100vw, 513px\" \/>\t\t\t\t\t\t\n\t\t\t\t\t<\/div>\n\t\t\t\t\t\t\t\t\n<style>\n#image_143514322 {\n  width: 100%;\n}\n<\/style>\n\t<\/div>\n\t\n\n<a class=\"button secondary is-smaller\" >\n\t\t<span>SALMON CARROTS<\/span>\n\t<\/a>\n\n\n\n\t\t<\/div>\n\t\t\t\t\t<\/div>\n\n\t\n\n\t<div id=\"col-1356768333\" class=\"col medium-4 small-6 large-4\"  >\n\t\t\t\t<div class=\"col-inner text-center\"  >\n\t\t\t\n\t\t\t\n\n\t<div class=\"img has-hover x md-x lg-x y md-y lg-y\" id=\"image_264479503\">\n\t\t\t\t\t\t\t\t<div class=\"img-inner dark\" >\n\t\t\t<img loading=\"lazy\" decoding=\"async\" width=\"513\" height=\"800\" src=\"https:\/\/miyyaw.com\/wp-content\/uploads\/2022\/01\/KO\u0308PEK-PATE-SIG\u0306IR-ETLI\u0307-PI\u0307RI\u0307NC\u0327LI\u0307-min-513x800.png\" class=\"attachment-large size-large\" alt=\"\" srcset=\"https:\/\/miyyaw.com\/wp-content\/uploads\/2022\/01\/KO\u0308PEK-PATE-SIG\u0306IR-ETLI\u0307-PI\u0307RI\u0307NC\u0327LI\u0307-min-513x800.png 513w, https:\/\/miyyaw.com\/wp-content\/uploads\/2022\/01\/KO\u0308PEK-PATE-SIG\u0306IR-ETLI\u0307-PI\u0307RI\u0307NC\u0327LI\u0307-min-256x400.png 256w, https:\/\/miyyaw.com\/wp-content\/uploads\/2022\/01\/KO\u0308PEK-PATE-SIG\u0306IR-ETLI\u0307-PI\u0307RI\u0307NC\u0327LI\u0307-min-768x1198.png 768w, https:\/\/miyyaw.com\/wp-content\/uploads\/2022\/01\/KO\u0308PEK-PATE-SIG\u0306IR-ETLI\u0307-PI\u0307RI\u0307NC\u0327LI\u0307-min-985x1536.png 985w, https:\/\/miyyaw.com\/wp-content\/uploads\/2022\/01\/KO\u0308PEK-PATE-SIG\u0306IR-ETLI\u0307-PI\u0307RI\u0307NC\u0327LI\u0307-min-600x936.png 600w, https:\/\/miyyaw.com\/wp-content\/uploads\/2022\/01\/KO\u0308PEK-PATE-SIG\u0306IR-ETLI\u0307-PI\u0307RI\u0307NC\u0327LI\u0307-min.png 1206w\" sizes=\"auto, (max-width: 513px) 100vw, 513px\" \/>\t\t\t\t\t\t\n\t\t\t\t\t<\/div>\n\t\t\t\t\t\t\t\t\n<style>\n#image_264479503 {\n  width: 100%;\n}\n<\/style>\n\t<\/div>\n\t\n\n<a class=\"button secondary is-smaller\" >\n\t\t<span>SI\u011eIR ETL\u0130 P\u0130R\u0130N\u00c7L\u0130<\/span>\n\t<\/a>\n\n\n\n\t\t<\/div>\n\t\t\t\t\t<\/div>\n\n\t\n\n\t<div id=\"col-682673388\" class=\"col medium-4 small-6 large-4\"  >\n\t\t\t\t<div class=\"col-inner text-center\"  >\n\t\t\t\n\t\t\t\n\n\t<div class=\"img has-hover x md-x lg-x y md-y lg-y\" id=\"image_1244851904\">\n\t\t\t\t\t\t\t\t<div class=\"img-inner dark\" >\n\t\t\t<img loading=\"lazy\" decoding=\"async\" width=\"513\" height=\"800\" src=\"https:\/\/miyyaw.com\/wp-content\/uploads\/2022\/01\/KO\u0308PEK-sardalya-PATE-min-513x800.png\" class=\"attachment-large size-large\" alt=\"\" srcset=\"https:\/\/miyyaw.com\/wp-content\/uploads\/2022\/01\/KO\u0308PEK-sardalya-PATE-min-513x800.png 513w, https:\/\/miyyaw.com\/wp-content\/uploads\/2022\/01\/KO\u0308PEK-sardalya-PATE-min-256x400.png 256w, https:\/\/miyyaw.com\/wp-content\/uploads\/2022\/01\/KO\u0308PEK-sardalya-PATE-min-768x1198.png 768w, https:\/\/miyyaw.com\/wp-content\/uploads\/2022\/01\/KO\u0308PEK-sardalya-PATE-min-985x1536.png 985w, https:\/\/miyyaw.com\/wp-content\/uploads\/2022\/01\/KO\u0308PEK-sardalya-PATE-min-600x936.png 600w, https:\/\/miyyaw.com\/wp-content\/uploads\/2022\/01\/KO\u0308PEK-sardalya-PATE-min.png 1206w\" sizes=\"auto, (max-width: 513px) 100vw, 513px\" \/>\t\t\t\t\t\t\n\t\t\t\t\t<\/div>\n\t\t\t\t\t\t\t\t\n<style>\n#image_1244851904 {\n  width: 100%;\n}\n<\/style>\n\t<\/div>\n\t\n\n<a class=\"button secondary is-smaller\" >\n\t\t<span>SARDINE ANCHOVY<\/span>\n\t<\/a>\n\n\n\n\t\t<\/div>\n\t\t\t\t\t<\/div>\n\n\t\n\n\t<div id=\"col-1700346974\" class=\"col medium-4 small-6 large-4\"  >\n\t\t\t\t<div class=\"col-inner text-center\"  >\n\t\t\t\n\t\t\t\n\n\t<div class=\"img has-hover x md-x lg-x y md-y lg-y\" id=\"image_2034481230\">\n\t\t\t\t\t\t\t\t<div class=\"img-inner dark\" >\n\t\t\t<img loading=\"lazy\" decoding=\"async\" width=\"513\" height=\"800\" src=\"https:\/\/miyyaw.com\/wp-content\/uploads\/2022\/01\/KO\u0308PEK-PATE-TAVUKLU-PI\u0307RI\u0307NC\u0327LI\u0307-min-513x800.png\" class=\"attachment-large size-large\" alt=\"\" srcset=\"https:\/\/miyyaw.com\/wp-content\/uploads\/2022\/01\/KO\u0308PEK-PATE-TAVUKLU-PI\u0307RI\u0307NC\u0327LI\u0307-min-513x800.png 513w, https:\/\/miyyaw.com\/wp-content\/uploads\/2022\/01\/KO\u0308PEK-PATE-TAVUKLU-PI\u0307RI\u0307NC\u0327LI\u0307-min-256x400.png 256w, https:\/\/miyyaw.com\/wp-content\/uploads\/2022\/01\/KO\u0308PEK-PATE-TAVUKLU-PI\u0307RI\u0307NC\u0327LI\u0307-min-768x1198.png 768w, https:\/\/miyyaw.com\/wp-content\/uploads\/2022\/01\/KO\u0308PEK-PATE-TAVUKLU-PI\u0307RI\u0307NC\u0327LI\u0307-min-985x1536.png 985w, https:\/\/miyyaw.com\/wp-content\/uploads\/2022\/01\/KO\u0308PEK-PATE-TAVUKLU-PI\u0307RI\u0307NC\u0327LI\u0307-min-600x936.png 600w, https:\/\/miyyaw.com\/wp-content\/uploads\/2022\/01\/KO\u0308PEK-PATE-TAVUKLU-PI\u0307RI\u0307NC\u0327LI\u0307-min.png 1206w\" sizes=\"auto, (max-width: 513px) 100vw, 513px\" \/>\t\t\t\t\t\t\n\t\t\t\t\t<\/div>\n\t\t\t\t\t\t\t\t\n<style>\n#image_2034481230 {\n  width: 100%;\n}\n<\/style>\n\t<\/div>\n\t\n\n<a class=\"button secondary is-smaller\" >\n\t\t<span>TAVUKLU P\u0130R\u0130N\u00c7L\u0130<\/span>\n\t<\/a>\n\n\n\n\t\t<\/div>\n\t\t\t\t\t<\/div>\n\n\t\n\n\t<div id=\"col-1925830825\" class=\"col medium-4 small-6 large-4\"  >\n\t\t\t\t<div class=\"col-inner text-center\"  >\n\t\t\t\n\t\t\t\n\n\t<div class=\"img has-hover x md-x lg-x y md-y lg-y\" id=\"image_1842206751\">\n\t\t\t\t\t\t\t\t<div class=\"img-inner dark\" >\n\t\t\t<img loading=\"lazy\" decoding=\"async\" width=\"513\" height=\"800\" src=\"https:\/\/miyyaw.com\/wp-content\/uploads\/2022\/01\/KO\u0308PEK-PATE-KUZU-ETLI\u0307-PI\u0307RI\u0307NC\u0327LI\u0307-min-513x800.png\" class=\"attachment-large size-large\" alt=\"\" srcset=\"https:\/\/miyyaw.com\/wp-content\/uploads\/2022\/01\/KO\u0308PEK-PATE-KUZU-ETLI\u0307-PI\u0307RI\u0307NC\u0327LI\u0307-min-513x800.png 513w, https:\/\/miyyaw.com\/wp-content\/uploads\/2022\/01\/KO\u0308PEK-PATE-KUZU-ETLI\u0307-PI\u0307RI\u0307NC\u0327LI\u0307-min-256x400.png 256w, https:\/\/miyyaw.com\/wp-content\/uploads\/2022\/01\/KO\u0308PEK-PATE-KUZU-ETLI\u0307-PI\u0307RI\u0307NC\u0327LI\u0307-min-768x1198.png 768w, https:\/\/miyyaw.com\/wp-content\/uploads\/2022\/01\/KO\u0308PEK-PATE-KUZU-ETLI\u0307-PI\u0307RI\u0307NC\u0327LI\u0307-min-985x1536.png 985w, https:\/\/miyyaw.com\/wp-content\/uploads\/2022\/01\/KO\u0308PEK-PATE-KUZU-ETLI\u0307-PI\u0307RI\u0307NC\u0327LI\u0307-min-600x936.png 600w, https:\/\/miyyaw.com\/wp-content\/uploads\/2022\/01\/KO\u0308PEK-PATE-KUZU-ETLI\u0307-PI\u0307RI\u0307NC\u0327LI\u0307-min.png 1206w\" sizes=\"auto, (max-width: 513px) 100vw, 513px\" \/>\t\t\t\t\t\t\n\t\t\t\t\t<\/div>\n\t\t\t\t\t\t\t\t\n<style>\n#image_1842206751 {\n  width: 100%;\n}\n<\/style>\n\t<\/div>\n\t\n\n<a class=\"button secondary is-smaller\" >\n\t\t<span>KUZU ETL\u0130 P\u0130R\u0130N\u00c7L\u0130<\/span>\n\t<\/a>\n\n\n\n\t\t<\/div>\n\t\t\t\t\t<\/div>\n\n\t\n\n<\/div>","protected":false},"excerpt":{"rendered":"","protected":false},"author":1,"featured_media":0,"parent":0,"menu_order":0,"comment_status":"closed","ping_status":"closed","template":"","meta":{"footnotes":""},"class_list":["post-298","page","type-page","status-publish","hentry"],"_links":{"self":[{"href":"https:\/\/miyyaw.com\/en\/wp-json\/wp\/v2\/pages\/298","targetHints":{"allow":["GET"]}}],"collection":[{"href":"https:\/\/miyyaw.com\/en\/wp-json\/wp\/v2\/pages"}],"about":[{"href":"https:\/\/miyyaw.com\/en\/wp-json\/wp\/v2\/types\/page"}],"author":[{"embeddable":true,"href":"https:\/\/miyyaw.com\/en\/wp-json\/wp\/v2\/users\/1"}],"replies":[{"embeddable":true,"href":"https:\/\/miyyaw.com\/en\/wp-json\/wp\/v2\/comments?post=298"}],"version-history":[{"count":10,"href":"https:\/\/miyyaw.com\/en\/wp-json\/wp\/v2\/pages\/298\/revisions"}],"predecessor-version":[{"id":856,"href":"https:\/\/miyyaw.com\/en\/wp-json\/wp\/v2\/pages\/298\/revisions\/856"}],"wp:attachment":[{"href":"https:\/\/miyyaw.com\/en\/wp-json\/wp\/v2\/media?parent=298"}],"curies":[{"name":"wp","href":"https:\/\/api.w.org\/{rel}","templated":true}]}}